
{"id":985,"date":"2016-12-16T08:45:55","date_gmt":"2016-12-16T08:45:55","guid":{"rendered":"http:\/\/www.milucon.ro\/pardoseli-epoxidice\/"},"modified":"2019-05-08T13:16:51","modified_gmt":"2019-05-08T13:16:51","slug":"epoxy-floorings","status":"publish","type":"page","link":"https:\/\/www.milucon.ro\/en\/epoxy-floorings\/","title":{"rendered":"Epoxy floorings"},"content":{"rendered":"<section class=\"servicii-prods page-padding\">\n<div class=\"container\">\n<div id=\"link1\" class=\"row serv-prod full-height\">\n<div class=\"col-md-6 col-md-push-6 image-wrapper\"> <iframe class=\"myVideo\" width=\"100%\" height=\"100%\" src=\"https:\/\/www.youtube.com\/embed\/VStoIospMyE?autoplay=0\"><\/iframe> <\/div>\n<div class=\"col-md-6 col-md-pull-6 prezentare-wrapper serv-sngl\">\n<h3 class=\"despre-section-title\">Epoxy floorings<\/h3>\n<p>When concrete or cement floors need to be protected against aggressive factors, epoxy floorings should be chosen. They have the advantage of being beautiful, this making them ideal for an aesthetic dimension. They provide an outstanding mechanical strength which is why they are especially used for heavy traffic areas. In addition, epoxy flooring is a cheap way to disguise any defects to create a safe and extremely durable surface. Easy to maintain and tough under pressure, this type of flooring is ideal for both industrial and office spaces where a specific and uniform design is desired.<\/p>\n<\/p><\/div>\n<\/p><\/div>\n<\/p><\/div>\n<div class=\"slider-proiecte\">\n<div class=\"container\">\n<div class=\"row\">\n<div class=\"col-md-12\">\n<h3 class=\"slider-title\">Successful projects<\/h3>\n<\/p><\/div>\n<\/p><\/div>\n<\/p><\/div>\n<div class=\"container-fluid\">\n<div class=\"row\">\n<div class=\"col-md-12\">\n<div class=\"regular slider\">\n<div class=\"milcon-slide\"> <img src=\"https:\/\/www.milucon.ro\/wp-content\/uploads\/2016\/12\/SERVICE-AUTO-epoxi-ok.jpg\"><br \/>\n                                <span><a class=\"image-link\" href=\"https:\/\/www.milucon.ro\/wp-content\/uploads\/2016\/12\/SERVICE-AUTO-epoxi-ok.jpg\" data-lightbox=\"example-1\"><i class=\"fa fa-search\" aria-hidden=\"true\"><\/i><\/a><\/span><br \/>\n                                <span><a class=\"real-link\" href=\"https:\/\/www.milucon.ro\/portofoliu\/service-auto-erebus-romexpo\/\"><i class=\"fa fa-link\" aria-hidden=\"true\"><\/i><\/a><\/span><\/p>\n<h3 class=\"subtitle-slider\">Service Auto erebus romexpo<\/h3>\n<\/p><\/div>\n<div class=\"milcon-slide\"> <img src=\"https:\/\/www.milucon.ro\/wp-content\/uploads\/2016\/12\/PARDOSEALA-EPOXIDICA-PLOIESTI-ok.jpg\"><br \/>\n                                <span><a class=\"image-link\" href=\"https:\/\/www.milucon.ro\/wp-content\/uploads\/2016\/12\/PARDOSEALA-EPOXIDICA-PLOIESTI-ok.jpg\" data-lightbox=\"example-1\"><i class=\"fa fa-search\" aria-hidden=\"true\"><\/i><\/a><\/span><br \/>\n                                <span><a class=\"real-link\" href=\"https:\/\/www.milucon.ro\/portofoliu\/pardoseala-epoxidica-hala-comerciala-ploiesti\/\"><i class=\"fa fa-link\" aria-hidden=\"true\"><\/i><\/a><\/span><\/p>\n<h3 class=\"subtitle-slider\">Hala Comerciala Ploiesti<\/h3>\n<\/p><\/div>\n<div class=\"milcon-slide\"> <img src=\"https:\/\/www.milucon.ro\/wp-content\/uploads\/2016\/12\/CASA-ANTONIE-amorsa-epoxidica-ok.jpg\"><br \/>\n                                <span><a class=\"image-link\" href=\"https:\/\/www.milucon.ro\/wp-content\/uploads\/2016\/12\/CASA-ANTONIE-amorsa-epoxidica-ok.jpg\" data-lightbox=\"example-1\"><i class=\"fa fa-search\" aria-hidden=\"true\"><\/i><\/a><\/span><br \/>\n                                <span><a class=\"real-link\" href=\"https:\/\/www.milucon.ro\/portofoliu\/casa-antonie\/\"><i class=\"fa fa-link\" aria-hidden=\"true\"><\/i><\/a><\/span><\/p>\n<h3 class=\"subtitle-slider\">Casa Antonie<\/h3>\n<\/p><\/div>\n<div class=\"milcon-slide\"> <img src=\"https:\/\/www.milucon.ro\/wp-content\/uploads\/2016\/12\/pardoseala-epoxidica-service-auto-erebus-romexpo-3.jpg\"><br \/>\n                                <span><a class=\"image-link\" href=\"https:\/\/www.milucon.ro\/wp-content\/uploads\/2016\/12\/pardoseala-epoxidica-service-auto-erebus-romexpo-3.jpg\" data-lightbox=\"example-1\"><i class=\"fa fa-search\" aria-hidden=\"true\"><\/i><\/a><\/span><br \/>\n                                <span><a href=\"#link8\"><i class=\"fa fa-link\" aria-hidden=\"true\"><\/i><\/a><\/span><\/p>\n<h3 class=\"subtitle-slider\">DECORATIVE EPOXY FLOOR FOR DISTINCTIVE SPACES<\/h3>\n<\/p><\/div>\n<div class=\"milcon-slide\"> <img src=\"https:\/\/www.milucon.ro\/wp-content\/uploads\/2016\/12\/pardoseala-epoxidica-service-auto-erebus-romexpo-1.jpg\"><br \/>\n                                <span><a class=\"image-link\" href=\"https:\/\/www.milucon.ro\/wp-content\/uploads\/2016\/12\/pardoseala-epoxidica-service-auto-erebus-romexpo-1.jpg\" data-lightbox=\"example-1\"><i class=\"fa fa-search\" aria-hidden=\"true\"><\/i><\/a><\/span><br \/>\n                                <span><a href=\"#link2\"><i class=\"fa fa-link\" aria-hidden=\"true\"><\/i><\/a><\/span><\/p>\n<h3 class=\"subtitle-slider\">METHODS FOR OBTAINING AND APPLICATION<\/h3>\n<\/p><\/div>\n<div class=\"milcon-slide\"> <img src=\"https:\/\/www.milucon.ro\/wp-content\/uploads\/2016\/12\/pardoseala-epoxidica.jpg\"><br \/>\n                                <span><a class=\"image-link\" href=\"https:\/\/www.milucon.ro\/wp-content\/uploads\/2016\/12\/pardoseala-epoxidica.jpg\" data-lightbox=\"example-1\"><i class=\"fa fa-search\" aria-hidden=\"true\"><\/i><\/a><\/span><br \/>\n                                <span><a href=\"#link7\"><i class=\"fa fa-link\" aria-hidden=\"true\"><\/i><\/a><\/span><\/p>\n<h3 class=\"subtitle-slider\">APPLICABILITY OF EPOXY FLOORS<\/h3>\n<\/p><\/div>\n<\/p><\/div>\n<\/p><\/div>\n<\/p><\/div>\n<\/p><\/div>\n<\/p><\/div>\n<div class=\"container\">\n<div class=\"row\">\n<div class=\"col-md-12 btn-wrapper\"><a id=\"onclick-milucon\" class=\"btn black-btn\" href=\"#\/\" data-letters=\"Fast offer\">Fast offer<span><\/span><\/a><\/div>\n<p>                <?php echo do_shortcode( ' [contact_popup] ' );?>\n            <\/div>\n<div id=\"link2\" class=\"row serv-prod full-height\">\n<div class=\"col-md-6 image-wrapper\">\n                    <!-- <iframe class=\"myVideo\" width=\"100%\" height=\"100%\" src=\"https:\/\/www.youtube.com\/embed\/VUZM17w5Tic?autoplay=0\"><\/iframe>  --><br \/>\n                    <iframe class=\"myVideo\" width=\"100%\" height=\"100%\" src=\"https:\/\/www.youtube.com\/embed\/PM5ot8MBtpM?autoplay=0\"><\/iframe>\n                <\/div>\n<div class=\"col-md-6 prezentare-wrapper serv-sngl\">\n<h3 class=\"despre-section-title\">METHODS FOR OBTAINING AND APPLICATION<\/h3>\n<p>Made from epoxy resins, chemicals whose specific aggregation status is a liquid one, the epoxy floor types represent the ideal solution for areas where cleaning requirements are high and traffic is heavy. Because they are part of the liquid flooring category that are applied by the brush, these epoxy floors form a flat, perfectly plane surface, no joints, traces of joints or other spaces where dirt could build up. Because of this, they are preferred in medical, pharmaceutical, and food industries.<\/p>\n<\/p><\/div>\n<\/p><\/div>\n<div id=\"link3\" class=\"row serv-prod full-height\">\n<div class=\"col-md-6 col-md-push-6 image-wrapper\"> <iframe class=\"myVideo\" width=\"100%\" height=\"100%\" src=\"https:\/\/www.youtube.com\/embed\/kzjEbrqaKCI?autoplay=0\"><\/iframe> <\/div>\n<div class=\"col-md-6 col-md-pull-6 prezentare-wrapper serv-sngl\">\n<h3 class=\"despre-section-title\">RESISTANCE TO MECHANICAL STRESS AND AN EASY MAINTENANCE<\/h3>\n<p>Because they are easy to maintain, they have a great aesthetic appeal and they behave wonderfully in environments with a mechanical stress, therefore choosing epoxy flooring types is the most inspired choice for spaces like offices, airports, shops, showrooms, public institutions or warehouses.<\/p>\n<p>Milucon offers a range of epoxy flooring made with state-of-the-art materials from leading companies in this field. So, from floor treatments to mosaic stairs, Milucon is the support you need for a spectacular and a lasting result.<\/p>\n<\/p><\/div>\n<\/p><\/div>\n<div id=\"link4\" class=\"row serv-prod full-height\">\n<div class=\"col-md-6 image-wrapper\"> <iframe class=\"myVideo\" width=\"100%\" height=\"100%\" src=\"https:\/\/www.youtube.com\/embed\/0I7KkdFkm-w?autoplay=0\"><\/iframe> <\/div>\n<div class=\"col-md-6 prezentare-wrapper serv-sngl\">\n<h3 class=\"despre-section-title\">THE ADVANTAGES OF USING EPOXY FLOORS:<\/h3>\n<p class=\"list-srv-sngl\"><i class=\"fa fa-chevron-down\" aria-hidden=\"true\"><\/i>High resistance and hardness<\/p>\n<p class=\"list-srv-sngl\"><i class=\"fa fa-chevron-down\" aria-hidden=\"true\"><\/i>Elasticity and flexibility<\/p>\n<p class=\"list-srv-sngl\"><i class=\"fa fa-chevron-down\" aria-hidden=\"true\"><\/i>Numerous design options<\/p>\n<p class=\"list-srv-sngl\"><i class=\"fa fa-chevron-down\" aria-hidden=\"true\"><\/i>Chemical resistance to acids<\/p>\n<p class=\"list-srv-sngl\"><i class=\"fa fa-chevron-down\" aria-hidden=\"true\"><\/i>Easy cleaning and maintenance<\/p>\n<p class=\"list-srv-sngl\"><i class=\"fa fa-chevron-down\" aria-hidden=\"true\"><\/i>Surfaces with high resistance to scratch and to impact<\/p>\n<p class=\"list-srv-sngl\"><i class=\"fa fa-chevron-down\" aria-hidden=\"true\"><\/i>Low costs<\/p>\n<\/p><\/div>\n<\/p><\/div>\n<div id=\"link5\" class=\"row serv-prod full-height\">\n<div class=\"col-md-6 col-md-push-6 image-wrapper\"> <iframe class=\"myVideo\" width=\"100%\" height=\"100%\" src=\"https:\/\/www.youtube.com\/embed\/EcP6PhyR3hE?autoplay=0\"><\/iframe> <\/div>\n<div class=\"col-md-6 col-md-pull-6 prezentare-wrapper serv-sngl\">\n<p class=\"padding-top-zero list-srv-sngl\"><i class=\"fa fa-chevron-down\" aria-hidden=\"true\"><\/i>The products offered by Milucon resist to heavy traffic, they are chemical resistant to solvents, wear, impact, compression, UV radiation, all without altering their appearance. The Milucon product catalogue emphasizes epoxy floors that don&#8217;t change their properties at extreme temperatures; moreover they are easy to apply. Our team of experienced specialists offers optimal solutions for any type of work:<\/p>\n<p class=\"list-srv-sngl\"><i class=\"fa fa-chevron-down\" aria-hidden=\"true\"><\/i>Epoxy flooring in BASF and ISOMAT halls<\/p>\n<p class=\"list-srv-sngl\"><i class=\"fa fa-chevron-down\" aria-hidden=\"true\"><\/i>Floor treatment<\/p>\n<p class=\"list-srv-sngl\"><i class=\"fa fa-chevron-down\" aria-hidden=\"true\"><\/i>RAL, BASF and ISOMAT primer and colored epoxy resin<\/p>\n<\/p><\/div>\n<\/p><\/div>\n<div id=\"link6\" class=\"row serv-prod\">\n<div class=\"col-md-6 image-wrapper\"> <img class=\"serv-image\" src=\"https:\/\/www.milucon.ro\/wp-content\/uploads\/2016\/12\/pardoseala-epoxidica-service-auto-erebus-romexpo-2.jpg\"> <\/div>\n<div class=\"col-md-6 prezentare-wrapper serv-sngl\">\n<p class=\"padding-top-zero list-srv-sngl\"><i class=\"fa fa-chevron-down\" aria-hidden=\"true\"><\/i>BASF polyurethane flooring for interior\/exterior car parks<\/p>\n<p class=\"list-srv-sngl\"><i class=\"fa fa-chevron-down\" aria-hidden=\"true\"><\/i>BASF sports ground markings<\/p>\n<p class=\"list-srv-sngl\"><i class=\"fa fa-chevron-down\" aria-hidden=\"true\"><\/i>Road surface markings for traffic lane dividers<\/p>\n<p class=\"list-srv-sngl\"><i class=\"fa fa-chevron-down\" aria-hidden=\"true\"><\/i>Artistic flooring &#8211; spatula type<\/p>\n<p class=\"list-srv-sngl\"><i class=\"fa fa-chevron-down\" aria-hidden=\"true\"><\/i>Multi-colored decorative epoxy floors<\/p>\n<p class=\"list-srv-sngl\"><i class=\"fa fa-chevron-down\" aria-hidden=\"true\"><\/i>Mosaic\/fake leather stairs<\/p>\n<p class=\"list-srv-sngl\"><i class=\"fa fa-chevron-down\" aria-hidden=\"true\"><\/i>Self adhesive floor with transparent resin added over<\/p>\n<p class=\"list-srv-sngl\"><i class=\"fa fa-chevron-down\" aria-hidden=\"true\"><\/i>Decorative flooring with glittering\/colored or metallic chips<\/p>\n<p class=\"list-srv-sngl\"><i class=\"fa fa-chevron-down\" aria-hidden=\"true\"><\/i>Orange-peel texture epoxy floors for apartments<\/p>\n<\/p><\/div>\n<\/p><\/div>\n<div id=\"link7\" class=\"row serv-prod\">\n<div class=\"col-md-6 col-md-push-6 image-wrapper\"> <img class=\"serv-image\" src=\"https:\/\/www.milucon.ro\/wp-content\/uploads\/2016\/12\/pardoseala-epoxidica.jpg\" alt=\"Aplicabilitatea acestor pardoseli epoxidice\"> <\/div>\n<div class=\"col-md-6 col-md-pull-6 prezentare-wrapper serv-sngl\">\n<h3 class=\"despre-section-title\">APPLICABILITY OF EPOXY FLOORS<\/h3>\n<p>Their applicability is extremely varied, precisely because of the many properties they present and the wide range of benefits they offer, both in terms of functionality and aspect. Due to the method of application (casting), a completely smooth surface is obtained, without expansion joints or traces of joints where dirt easily builds up and bacteria grow; therefore, the types of epoxy floors are the most inspired choice in the food and pharmaceutical industry, where keeping cleanliness is essential, in accordance with the compulsory hygiene standards. Regardless of the space where you want to have the epoxy flooring installed, whether simple or decorative, we have all the resources necessary to provide you with quality services and end results which will satisfy even the most demanding requirements; the price for the epoxy floor matches the durable and professional end result.<\/p>\n<\/p><\/div>\n<\/p><\/div>\n<div id=\"link8\" class=\"row serv-prod\">\n<div class=\"col-md-6 image-wrapper\"> <img class=\"serv-image\" src=\"https:\/\/www.milucon.ro\/wp-content\/uploads\/2017\/01\/decorative-2.jpg\" alt=\"Pardoseli decorative pentru spatii cu personalitate \"> <\/div>\n<div class=\"col-md-6 prezentare-wrapper serv-sngl\">\n<h3 class=\"despre-section-title\">DECORATIVE EPOXY FLOOR FOR DISTINCTIVE SPACES<\/h3>\n<p>When the aesthetics of a room matters the most, then the perfect solution in the field of floor coverings is the decorative flooring. Made from either epoxy or polyurethane resins, these decorative floors successfully combine all the benefits offered by these materials, also emphasizing its beauty. The acquisition of these systems determines that many epoxy flooring projects should perfectly combine material resources with the advantages of their installation. <\/p>\n<p>Milucon offers multiple finishing options that make it possible to obtain original three-dimensional walk-on surfaces in different color combinations, geometric figures, photos or custom design. Decorative flooring patterns are often found in beauty or massage salons, spas, showrooms, restaurants or luxury shopping malls, but they fit well in homes too in bathrooms, kitchens or living rooms. <\/p>\n<\/p><\/div>\n<\/p><\/div>\n<div id=\"link9\" class=\"row serv-prod\">\n<div class=\"col-md-6 col-md-push-6 image-wrapper\"> <img class=\"serv-image\" src=\"https:\/\/www.milucon.ro\/wp-content\/uploads\/2017\/01\/decorative.jpg\"> <\/div>\n<div class=\"col-md-6 col-md-pull-6 prezentare-wrapper serv-sngl\">\n<h3 class=\"despre-section-title\">ADVANTAGES OF DECORATIVE EPOXY FLOORING:<\/h3>\n<p class=\"list-srv-sngl\"><i class=\"fa fa-chevron-down\" aria-hidden=\"true\"><\/i>Very high resistance to mechanical stress and to scratches<\/p>\n<p class=\"list-srv-sngl\"><i class=\"fa fa-chevron-down\" aria-hidden=\"true\"><\/i>Very easy maintenance compared to tiles and marble<\/p>\n<p class=\"list-srv-sngl\"><i class=\"fa fa-chevron-down\" aria-hidden=\"true\"><\/i>\u00centre\u0163inere foarte u\u015foar\u0103 comparabil\u0103 cu gresia, faian\u0163a \u015fi marmura<\/p>\n<p class=\"list-srv-sngl\"><i class=\"fa fa-chevron-down\" aria-hidden=\"true\"><\/i>Very easy to fix and an extended warranty (five years)<\/p>\n<p class=\"list-srv-sngl\"><i class=\"fa fa-chevron-down\" aria-hidden=\"true\"><\/i>It is used for underfloor heating systems<\/p>\n<p class=\"list-srv-sngl\"><i class=\"fa fa-chevron-down\" aria-hidden=\"true\"><\/i>Unique customized patterns<\/p>\n<p class=\"list-srv-sngl\"><i class=\"fa fa-chevron-down\" aria-hidden=\"true\"><\/i>It helps expanding the space <\/p>\n<\/p><\/div>\n<\/p><\/div>\n<\/p><\/div>\n<\/section>\n","protected":false},"excerpt":{"rendered":"<p>Epoxy floorings When concrete or cement floors need to be protected against aggressive factors, epoxy floorings should be chosen. They have the advantage of being beautiful, this making them ideal for an aesthetic dimension. They provide an outstanding mechanical strength which is why they are especially used for heavy traffic areas. In addition, epoxy flooring &hellip;<\/p>\n","protected":false},"author":1,"featured_media":987,"parent":0,"menu_order":0,"comment_status":"closed","ping_status":"closed","template":"template-produse.php","meta":[],"_links":{"self":[{"href":"https:\/\/www.milucon.ro\/en\/wp-json\/wp\/v2\/pages\/985"}],"collection":[{"href":"https:\/\/www.milucon.ro\/en\/wp-json\/wp\/v2\/pages"}],"about":[{"href":"https:\/\/www.milucon.ro\/en\/wp-json\/wp\/v2\/types\/page"}],"author":[{"embeddable":true,"href":"https:\/\/www.milucon.ro\/en\/wp-json\/wp\/v2\/users\/1"}],"replies":[{"embeddable":true,"href":"https:\/\/www.milucon.ro\/en\/wp-json\/wp\/v2\/comments?post=985"}],"version-history":[{"count":0,"href":"https:\/\/www.milucon.ro\/en\/wp-json\/wp\/v2\/pages\/985\/revisions"}],"wp:featuredmedia":[{"embeddable":true,"href":"https:\/\/www.milucon.ro\/en\/wp-json\/wp\/v2\/media\/987"}],"wp:attachment":[{"href":"https:\/\/www.milucon.ro\/en\/wp-json\/wp\/v2\/media?parent=985"}],"curies":[{"name":"wp","href":"https:\/\/api.w.org\/{rel}","templated":true}]}}